{"id":1889,"date":"2019-11-18T15:44:21","date_gmt":"2019-11-18T15:44:21","guid":{"rendered":"https:\/\/www.uberbau-house.org\/site\/?page_id=1889"},"modified":"2023-10-26T14:27:18","modified_gmt":"2023-10-26T14:27:18","slug":"publications","status":"publish","type":"page","link":"https:\/\/www.uberbau-house.org\/site\/publications\/","title":{"rendered":"publications"},"content":{"rendered":"\r\n<div class=\"boldgrid-section\">\r\n<div class=\"container\">\r\n<div class=\"row\">\r\n<div class=\"col-lg-12 col-md-12 col-xs-12 col-sm-12\">\r\n<p><a href=\"https:\/\/www.uberbau-house.org\/site\/publications\/\">[english]<\/a> <a href=\"https:\/\/www.uberbau-house.org\/site\/publications\/publicacoes\/\">[portugu\u00e9s]<\/a> <a href=\"https:\/\/www.uberbau-house.org\/site\/publications\/publicaciones\/\">[espa\u00f1ol]<\/a><\/p>\r\n<p>At Uberbau_house we produce fanzines in colaboration with the residents, that circulate freely through our international network of contacts.<\/p>\r\n<p>In collaboration with the <a href=\"https:\/\/curatoriaforense.net\/_editorial\/\">Editorial Curator\u00eda Forense <\/a>we have registered 8 fanzines, 8 books and collectively written more than <a href=\"https:\/\/curatoriaforense.net\/niued\/\">500 articles on contemporary art<\/a> in Latin America.<br><br>Learn about some of the published research:<\/p>\r\n<p><strong>REPORT #1 &#8211;<\/strong> (download free)<\/p>\r\n<table border=\"0\" width=\"100%\">\r\n<tbody>\r\n<tr>\r\n<td width=\"250\">\r\n<figure>\r\n<figure><a href=\"https:\/\/www.uberbau-house.org\/docs\/fanzines\/Uberbau_house_reporte1-Luis_Enrique_Zela-Koort.pdf\"><img loading=\"lazy\" decoding=\"async\" width=\"150\" height=\"178\" class=\"wp-image-1918\" style=\"width: 150px;\" src=\"https:\/\/www.uberbau-house.org\/site\/wp-content\/uploads\/2019\/11\/reporte-250px.jpg\" alt=\"\"> <\/a><\/figure>\r\n<\/figure>\r\n<\/td>\r\n<td width=\"5\">&nbsp;<\/td>\r\n<td>\r\n<p><strong><a href=\"https:\/\/www.uberbau-house.org\/docs\/fanzines\/Uberbau_house_reporte1-Luis_Enrique_Zela-Koort.pdf\">\u00abThe administration of nature in urban spaces as a diagnostic tool\u00bb<\/a><\/strong><a href=\"https:\/\/www.uberbau-house.org\/docs\/fanzines\/Uberbau_house_reporte1-Luis_Enrique_Zela-Koort.pdf\">,<\/a> by <a href=\"https:\/\/www.uberbau-house.org\/site\/2019\/06\/30\/residentes-junho-junho-2019-luis-enrique-zela-koort\/\">Luis Enrique Zela-Koort<\/a> (Lima, Peru).<\/p>\r\n<p>Research realized during the Uberbau_house Contemporary Art Residences, June 2019, S\u00e3o Paulo, Brazil.<\/p>\r\n<p><em>PDF, 60 pages. 3.4mb.<\/em><\/p>\r\n<\/td>\r\n<\/tr>\r\n<\/tbody>\r\n<\/table>\r\n<p><cite> &gt; Search too the <a href=\"https:\/\/vimeo.com\/345545675\">video conference<\/a> of the research. <\/cite> <cite> &gt; visit the information about this fanzine in <a href=\"https:\/\/vadb.org\/publications\/uberbau_house-reporte-1\">VADB<\/a>. <\/cite><\/p>\r\n<p>&nbsp;<\/p>\r\n<p>\/\/\/<\/p>\r\n<h1>Publications together with other initiatives<\/h1>\r\n<h2><strong>BOOKS published by members of our work team.<\/strong><\/h2>\r\n<ul>\r\n<li>INCERTEZA\/\u00c7A E INTERPELACI\u00d3N. 2022<\/li>\r\n<li>MANUAL DE ACCI\u00d3N. 2020<\/li>\r\n<li><strong><a href=\"http:\/\/www.cooperativadearte.org\/niued\/comunitaria-residencia-de-arte-y-procesos-sociales\/\" target=\"_blank\" rel=\"noreferrer noopener\"><em>COMUNITARIA, experiencias de arte y comunidad<\/em><\/a><a href=\"http:\/\/www.curatoriaforense.net\/niued\/?p=2714\" target=\"_blank\" rel=\"noreferrer noopener\">,&nbsp;<\/a><\/strong>2017.<\/li>\r\n<li><strong>RESIDENCIAS DE ARTE SOCIAL SUMMER CAMP<\/strong>. 2015<\/li>\r\n<li>DIRECTORIO DE GESTIONES AUT\u00d3NOMAS.<\/li>\r\n<li>EGA. ENCUENTRO DE GESTIONES AUT\u00d3NOMAS.<\/li>\r\n<\/ul>\r\n<p>\/\/\/<\/p>\r\n<p>Some fanzines produced during the Contemporary Art Research residencies organized together with Cooperativa de Arte in conjunction with Autonomous Management of Latin America.<\/p>\r\n<ul>\r\n<li><a href=\"http:\/\/www.cooperativadearte.org\/niued\/descarga-gratuita-de-fanzine-espacio-de-fala\/\"><strong>ESPACIO DE FALA, [arte contempor\u00e1neo, g\u00e9nero y sexualidad]<\/strong><\/a>. septiembre y octubre 2019. S\u00e3o Paulo, Brasil<\/li>\r\n<li><a href=\"http:\/\/www.cooperativadearte.org\/niued\/afecto-societal-ii-descarga-el-fanzine\/\"><strong>AFECTO SOCIETAL II.&nbsp;<\/strong><\/a>Escenas locales de Arte Contempor\u00e1neo.&nbsp;Mayo 2019. Guanajuato \/\/ M\u00e9xico]<\/li>\r\n<li><strong><a href=\"http:\/\/www.cooperativadearte.org\/niued\/accion-transaccion-descarga-el-fanzine\/\">ACCI\u00d3N\/TRANSACCI\u00d3N<\/a>.&nbsp;<\/strong>Econom\u00eda y mercado de arte contempor\u00e1neo. mayo 2018 (revisada abril 2019). [BsAs \/\/ ARG + SP \/\/ BRA]<\/li>\r\n<li><strong>RIZOMA.&nbsp;<\/strong>Cartograf\u00eda de din\u00e1micas vinculares. Enero 2019. [S\u00e3o Paulo \/\/ Brasil]<\/li>\r\n<li><strong>MODELOS DE RESIDENCIA II.&nbsp;<\/strong>Investigaci\u00f3n sobre Residencias de Arte Contempor\u00e1neo en Am\u00e9rica Latina. Febrero 2018. [Villa Alegre \/\/ Chile].<\/li>\r\n<li><strong>AFECTO SOCIETAL.<\/strong>&nbsp;Escenas locales de Arte Contempor\u00e1neo.&nbsp;Abril 2018. [Guanajuato \/\/ M\u00e9xico]<strong>.<\/strong><\/li>\r\n<li><strong>MANUAL DEL FRACASO PARA EL \u00c9XITO EN ARTE.&nbsp;<\/strong>Enero 2018. [S\u00e3o Paulo \/\/ Brasil].<\/li>\r\n<li><strong>SISTEM\u00c1TICA Y SEDUCTORA.&nbsp;<\/strong>Investigaci\u00f3n sobre Bienales de Arte en Am\u00e9rica Latina. Septiembre y octubre 2018. [S\u00e3o Paulo \/\/ Brasil]<\/li>\r\n<\/ul>\r\n<\/div>\r\n<\/div>\r\n<\/div>\r\n<\/div>\r\n\r\n\r\n\r\n\r\n\r\n\r\n\r\n\r\n\r\n\r\n\r\n\r\n\r\n\r\n\r\n\r\n\r\n\r\n\r\n\r\n\r\n\r\n\r\n\r\n","protected":false},"excerpt":{"rendered":"<p>[english] [portugu\u00e9s] [espa\u00f1ol] At Uberbau_house we produce fanzines in colaboration with the residents, that circulate freely through our international network of contacts. In collaboration with the Editorial Curator\u00eda Forense we have registered 8 fanzines, 8 books and collectively written more than 500 articles on contemporary art in Latin America. Learn about some of the published &hellip; <\/p>\n<p class=\"link-more\"><a href=\"https:\/\/www.uberbau-house.org\/site\/publications\/\" class=\"more-link\">Continuar leyendo<span class=\"screen-reader-text\"> \u00abpublications\u00bb<\/span><\/a><\/p>\n","protected":false},"author":1,"featured_media":0,"parent":0,"menu_order":7,"comment_status":"closed","ping_status":"closed","template":"","meta":{"_joinchat":[],"footnotes":""},"class_list":["post-1889","page","type-page","status-publish","hentry"],"_links":{"self":[{"href":"https:\/\/www.uberbau-house.org\/site\/wp-json\/wp\/v2\/pages\/1889","targetHints":{"allow":["GET"]}}],"collection":[{"href":"https:\/\/www.uberbau-house.org\/site\/wp-json\/wp\/v2\/pages"}],"about":[{"href":"https:\/\/www.uberbau-house.org\/site\/wp-json\/wp\/v2\/types\/page"}],"author":[{"embeddable":true,"href":"https:\/\/www.uberbau-house.org\/site\/wp-json\/wp\/v2\/users\/1"}],"replies":[{"embeddable":true,"href":"https:\/\/www.uberbau-house.org\/site\/wp-json\/wp\/v2\/comments?post=1889"}],"version-history":[{"count":11,"href":"https:\/\/www.uberbau-house.org\/site\/wp-json\/wp\/v2\/pages\/1889\/revisions"}],"predecessor-version":[{"id":3715,"href":"https:\/\/www.uberbau-house.org\/site\/wp-json\/wp\/v2\/pages\/1889\/revisions\/3715"}],"wp:attachment":[{"href":"https:\/\/www.uberbau-house.org\/site\/wp-json\/wp\/v2\/media?parent=1889"}],"curies":[{"name":"wp","href":"https:\/\/api.w.org\/{rel}","templated":true}]}}