{"id":175,"date":"2016-08-16T20:25:38","date_gmt":"2016-08-16T20:25:38","guid":{"rendered":"https:\/\/www.uberbau-house.org\/site\/?page_id=175"},"modified":"2021-02-04T15:56:13","modified_gmt":"2021-02-04T15:56:13","slug":"formulario_residencia","status":"publish","type":"page","link":"https:\/\/www.uberbau-house.org\/site\/residency\/residencia\/convocatoria-residencia\/formulario_residencia\/","title":{"rendered":"RESIDENCY Uberbau_house +Arquivo [Contemporary Art Research] application form"},"content":{"rendered":"\n<div class=\"wp-block-columns is-layout-flex wp-container-core-columns-is-layout-9d6595d7 wp-block-columns-is-layout-flex\">\n<div class=\"wp-block-column is-layout-flow wp-block-column-is-layout-flow\">\n<p>EN> By completing this online application to <strong>Uberbau_house Residency of Contemporary Art Research <strong>(S\u00e3o Paulo, Brasil)<\/strong><\/strong>, you agree to the terms and conditions outlined on\u00a0<a rel=\"noreferrer noopener\" href=\"https:\/\/www.uberbau-house.org\/site\/convocatoria-residencia\/residency\/\" target=\"_blank\">this page<\/a>. Please, read them carefully!<\/p>\n<\/div>\n\n\n\n<div class=\"wp-block-column is-layout-flow wp-block-column-is-layout-flow\">\n<p>PT> Ao preencher este formul\u00e1rio on-line a la<strong>\u00a0Resid\u00eancia Uberbau_house de Pesquisa em\u00a0Arte Contempor\u00e2nea <strong>(S\u00e3o Paulo, Brasil)<\/strong><\/strong>, voc\u00ea concorda com os termos e condi\u00e7\u00f5es descritos\u00a0<a rel=\"noreferrer noopener\" href=\"https:\/\/www.uberbau-house.org\/site\/convocatoria-residencia\/residencia\/\" target=\"_blank\">nesta p\u00e1gina<\/a>. Por favor, leia com aten\u00e7\u00e3o!<\/p>\n<\/div>\n\n\n\n<div class=\"wp-block-column is-layout-flow wp-block-column-is-layout-flow\">\n<p>ES> Al llenar esta postulaci\u00f3n a la <strong>Residencia de investigaci\u00f3n Uberbau_house (S\u00e3o Paulo, Brasil)<\/strong> est\u00e1s aceptando los t\u00e9rminos y condiciones se\u00f1alados en\u00a0<a rel=\"noreferrer noopener\" href=\"https:\/\/www.uberbau-house.org\/site\/convocatoria-residencia\/\" target=\"_blank\">esta p\u00e1gina<\/a>. Por favor, l\u00e9elas con atenci\u00f3n!<\/p>\n<\/div>\n<\/div>\n\n\n\n<p class=\"has-text-align-center verdana10\"><iframe loading=\"lazy\" src=\"https:\/\/docs.google.com\/forms\/d\/12f_5sYhrgrSCg3LM4suOTJD9zLk0TAGSjV08mV-UZ_k\/viewform?embedded=true\" width=\"600\" height=\"1500\" frameborder=\"0\" marginwidth=\"0\" marginheight=\"0\"><span data-mce-type=\"bookmark\" style=\"display: inline-block; width: 0px; overflow: hidden; line-height: 0;\" class=\"mce_SELRES_start\">\ufeff<\/span>Cargando\u2026<\/iframe><\/p>\n","protected":false},"excerpt":{"rendered":"<p>EN> By completing this online application to Uberbau_house Residency of Contemporary Art Research (S\u00e3o Paulo, Brasil), you agree to the terms and conditions outlined on\u00a0this page. Please, read them carefully! PT> Ao preencher este formul\u00e1rio on-line a la\u00a0Resid\u00eancia Uberbau_house de Pesquisa em\u00a0Arte Contempor\u00e2nea (S\u00e3o Paulo, Brasil), voc\u00ea concorda com os termos e condi\u00e7\u00f5es descritos\u00a0nesta p\u00e1gina. &hellip; <\/p>\n<p class=\"link-more\"><a href=\"https:\/\/www.uberbau-house.org\/site\/residency\/residencia\/convocatoria-residencia\/formulario_residencia\/\" class=\"more-link\">Continuar leyendo<span class=\"screen-reader-text\"> \u00abRESIDENCY Uberbau_house +Arquivo [Contemporary Art Research] application form\u00bb<\/span><\/a><\/p>\n","protected":false},"author":1,"featured_media":176,"parent":2,"menu_order":0,"comment_status":"closed","ping_status":"closed","template":"","meta":{"_joinchat":[],"footnotes":""},"class_list":["post-175","page","type-page","status-publish","has-post-thumbnail","hentry"],"_links":{"self":[{"href":"https:\/\/www.uberbau-house.org\/site\/wp-json\/wp\/v2\/pages\/175","targetHints":{"allow":["GET"]}}],"collection":[{"href":"https:\/\/www.uberbau-house.org\/site\/wp-json\/wp\/v2\/pages"}],"about":[{"href":"https:\/\/www.uberbau-house.org\/site\/wp-json\/wp\/v2\/types\/page"}],"author":[{"embeddable":true,"href":"https:\/\/www.uberbau-house.org\/site\/wp-json\/wp\/v2\/users\/1"}],"replies":[{"embeddable":true,"href":"https:\/\/www.uberbau-house.org\/site\/wp-json\/wp\/v2\/comments?post=175"}],"version-history":[{"count":10,"href":"https:\/\/www.uberbau-house.org\/site\/wp-json\/wp\/v2\/pages\/175\/revisions"}],"predecessor-version":[{"id":2327,"href":"https:\/\/www.uberbau-house.org\/site\/wp-json\/wp\/v2\/pages\/175\/revisions\/2327"}],"up":[{"embeddable":true,"href":"https:\/\/www.uberbau-house.org\/site\/wp-json\/wp\/v2\/pages\/2"}],"wp:featuredmedia":[{"embeddable":true,"href":"https:\/\/www.uberbau-house.org\/site\/wp-json\/wp\/v2\/media\/176"}],"wp:attachment":[{"href":"https:\/\/www.uberbau-house.org\/site\/wp-json\/wp\/v2\/media?parent=175"}],"curies":[{"name":"wp","href":"https:\/\/api.w.org\/{rel}","templated":true}]}}